{"id":20,"date":"2017-08-27T16:53:03","date_gmt":"2017-08-27T16:53:03","guid":{"rendered":"http:\/\/heilpraxis-gehrlein.de\/?page_id=20"},"modified":"2023-04-11T21:15:01","modified_gmt":"2023-04-11T21:15:01","slug":"ueber-mich","status":"publish","type":"page","link":"https:\/\/heilpraxis-gehrlein.de\/?page_id=20","title":{"rendered":"\u00dcber mich"},"content":{"rendered":"<p><strong>Anmerkungen:<\/strong><\/p>\n<p>Mein Vortrag Resilienz ist \u00fcber Schroeder&#8217;s Buchcafe, Bischofsheimer Str. 27 in 97772 Wildflecken, erh\u00e4ltlich.<\/p>\n<p><strong>Betreten und verlassen der Praxis ohne Hundekontakt ist sichergestellt!<\/strong><\/p>\n<p>\u00a0<\/p>\n<p><strong><span style=\"font-size: large;\">\u00dcber mich<\/span><\/strong><\/p>\n<div id=\"textWithImage-5798661263\">\n<p><strong><span style=\"font-size: large;\"><img loading=\"lazy\" decoding=\"async\" class=\"alignnone size-medium wp-image-132\" src=\"https:\/\/heilpraxis-gehrlein.de\/wp-content\/uploads\/2022\/06\/1655193997084-225x300.jpg\" alt=\"\" width=\"225\" height=\"300\" srcset=\"https:\/\/heilpraxis-gehrlein.de\/wp-content\/uploads\/2022\/06\/1655193997084-225x300.jpg 225w, https:\/\/heilpraxis-gehrlein.de\/wp-content\/uploads\/2022\/06\/1655193997084-769x1024.jpg 769w, https:\/\/heilpraxis-gehrlein.de\/wp-content\/uploads\/2022\/06\/1655193997084-768x1023.jpg 768w, https:\/\/heilpraxis-gehrlein.de\/wp-content\/uploads\/2022\/06\/1655193997084-1153x1536.jpg 1153w, https:\/\/heilpraxis-gehrlein.de\/wp-content\/uploads\/2022\/06\/1655193997084-1538x2048.jpg 1538w, https:\/\/heilpraxis-gehrlein.de\/wp-content\/uploads\/2022\/06\/1655193997084-scaled.jpg 1922w\" sizes=\"auto, (max-width: 225px) 100vw, 225px\" \/><\/span><\/strong><\/p>\n<p><span style=\"font-size: large;\">&#8230; gib<\/span><span style=\"font-size: large;\">t e<\/span><span style=\"font-size: large;\">s\u00a0<\/span><\/p>\n<p><span style=\"font-size: large;\">viel Pers\u00f6nliches zu sagen. Ich durfte auf meinem Lebensweg viele Erfahrungen sammeln. Im pers\u00f6nlichen Gespr\u00e4ch will ich meine Erfahrungen gerne mit Ihnen\/dir teilen.<br \/><\/span><\/p>\n<p><span style=\"font-size: large;\">Nach einem abwechlungsreichen Berufsleben, bei dem ich st\u00e4ndig mit Menschen zu tun hatte, entschlo\u00df ich mich die Ausbildung zum Heilpraktiker Psychotherapie zu absolvieren. Seit dem Februar 2016 bin ich nach dem Heilpraktikergesetz durch das Gesundheitsamt Bad Kissingen als Heilpraktiker Psychotherapie zugelassen.<\/span><\/p>\n<p><span style=\"font-size: large;\">Es ist mir eine Freude zu erkennen, welche M\u00f6glichkeiten und Talente in meinem Gegen\u00fcber schlummern, das zu identifizieren was st\u00f6rt, belastet oder krank macht und Wege aufzuzeigen, die die Gaben im anderen in den Vordergrund\u00a0 bringen und das was st\u00f6rt, belastet oder krank macht beseitigen k\u00f6nnte.<\/span><\/p>\n<p><span style=\"font-size: large;\">Begeisterungsf\u00e4higkeit, ein hoher Grad an Lebendigkeit, aber auch tiefgr\u00fcndige Gelassenheit &#8211; und unbedingte Ehrlichkeit zu sich selbst sind mir dabei ein gro\u00dfes Anliegen.<br \/><\/span><\/p>\n<p><span style=\"font-size: large;\">Die dazu notwendigen Voraussetzungen &#8211; so glaube ich fest &#8211; sind Mut, Offenheit, Vertrauen und unbedingt Humor.<\/span><\/p>\n<p><span style=\"font-size: large;\">Wissen ist Macht &#8211; wenn man es macht. Deshalb lade ich Dich\/Sie ein, komm und sieh selbst! <\/span><\/p>\n<p><span style=\"font-size: large;\"><strong>Meine Philosophie<\/strong> <\/span><\/p>\n<p><span style=\"font-size: large;\">Ich sehe mich auf Augenh\u00f6he mit allen Menschen, denn aus meinem tiefsten Empfinden heraus gibt es keine Unterschiede im Wert der Menschen, denn jeder\/jede ist einzigartig auf seine\/ihre Weise.<br \/><\/span><\/p>\n<p><span style=\"font-size: large;\">Deshalb begegne ich meinen Klient\/innen respektvoll mit offenem Herzen und Ohren. So wie sie sich einen guten Freund w\u00fcnschen w\u00fcrden. Dem sie alles sagen k\u00f6nnen, der ihnen zuh\u00f6rt ohne sie zu verurteilen. Und der, insofern sie Rat und Hilfe suchen, ihnen immer die Wahrheit sagt, liebevoll und ohne L\u00fccken. <\/span><\/p>\n<p><span style=\"font-size: large;\">H\u00f6rt sich das gut f\u00fcr Sie\/dich an? Dann will ich gerne f\u00fcr Sie\/dich dasein.<\/span><\/p>\n<\/div>\n\n\n<p><\/p>\n","protected":false},"excerpt":{"rendered":"<p>Anmerkungen: Mein Vortrag Resilienz ist \u00fcber Schroeder&#8217;s Buchcafe, Bischofsheimer Str. 27 in 97772 Wildflecken, erh\u00e4ltlich. Betreten und verlassen der Praxis ohne Hundekontakt ist sichergestellt! \u00a0 \u00dcber mich &#8230; gibt es\u00a0 viel Pers\u00f6nliches zu sagen. Ich durfte auf meinem Lebensweg viele Erfahrungen sammeln. Im pers\u00f6nlichen Gespr\u00e4ch will ich meine Erfahrungen gerne mit Ihnen\/dir teilen. Nach einem &hellip; <\/p>\n<p class=\"link-more\"><a href=\"https:\/\/heilpraxis-gehrlein.de\/?page_id=20\" class=\"more-link\"><span class=\"screen-reader-text\">\u201e\u00dcber mich\u201c <\/span>weiterlesen<\/a><\/p>\n","protected":false},"author":1,"featured_media":30,"parent":0,"menu_order":0,"comment_status":"closed","ping_status":"closed","template":"","meta":{"footnotes":""},"class_list":["post-20","page","type-page","status-publish","has-post-thumbnail","hentry"],"_links":{"self":[{"href":"https:\/\/heilpraxis-gehrlein.de\/index.php?rest_route=\/wp\/v2\/pages\/20","targetHints":{"allow":["GET"]}}],"collection":[{"href":"https:\/\/heilpraxis-gehrlein.de\/index.php?rest_route=\/wp\/v2\/pages"}],"about":[{"href":"https:\/\/heilpraxis-gehrlein.de\/index.php?rest_route=\/wp\/v2\/types\/page"}],"author":[{"embeddable":true,"href":"https:\/\/heilpraxis-gehrlein.de\/index.php?rest_route=\/wp\/v2\/users\/1"}],"replies":[{"embeddable":true,"href":"https:\/\/heilpraxis-gehrlein.de\/index.php?rest_route=%2Fwp%2Fv2%2Fcomments&post=20"}],"version-history":[{"count":13,"href":"https:\/\/heilpraxis-gehrlein.de\/index.php?rest_route=\/wp\/v2\/pages\/20\/revisions"}],"predecessor-version":[{"id":145,"href":"https:\/\/heilpraxis-gehrlein.de\/index.php?rest_route=\/wp\/v2\/pages\/20\/revisions\/145"}],"wp:featuredmedia":[{"embeddable":true,"href":"https:\/\/heilpraxis-gehrlein.de\/index.php?rest_route=\/wp\/v2\/media\/30"}],"wp:attachment":[{"href":"https:\/\/heilpraxis-gehrlein.de\/index.php?rest_route=%2Fwp%2Fv2%2Fmedia&parent=20"}],"curies":[{"name":"wp","href":"https:\/\/api.w.org\/{rel}","templated":true}]}}