{"id":22,"date":"2017-08-27T16:53:34","date_gmt":"2017-08-27T16:53:34","guid":{"rendered":"http:\/\/heilpraxis-gehrlein.de\/?page_id=22"},"modified":"2023-10-30T13:36:15","modified_gmt":"2023-10-30T13:36:15","slug":"praxis","status":"publish","type":"page","link":"https:\/\/heilpraxis-gehrlein.de\/","title":{"rendered":"Praxis"},"content":{"rendered":"<p><strong>Praxis<\/strong><\/p>\n<p><u><strong>Angebote<\/strong><\/u><\/p>\n<p><strong>Lebens- und Konfliktberatung<\/strong><\/p>\n<p><strong>Hilfen zur Lebensumstellung<\/strong><\/p>\n<p><strong>Intuitive Gespr\u00e4chstherapie<\/strong><\/p>\n<p>Stell dir vor, jemand sitzt vor dir und kennt deinen Schmerz, ja, kann dir helfen ihn auszusprechen und dich auf deinem Weg aus dem Leiden begleiten.<\/p>\n<p>Meine Sensibilit\u00e4t ist mein wichtigstes Werkzeug, wenn ich einen Menschen begleiten darf.<\/p>\n<p>Wenn wir wissen was wir wollen und was wir nicht wollen und bereit sind dies auch auszusprechen, bereit sind uns wert zu f\u00fchlen, dann k\u00f6nnen wir unsere Sensibilit\u00e4t auch leben. Bist du bereit neue Wege zu gehen, dann lass mich dein Kompa\u00df sein.<\/p>\n<p><strong>Neue Emotionen setzen<br \/>\n<\/strong><\/p>\n<p>Vieles was uns verletzt hat, ist mit einer Emotion tief in uns hinterlegt. Ich helfe neue, liebevolle Emotionen zu setzen, die\u00a0 helfen k\u00f6nnen einen Weg aus der Verletztheit zu finden.<\/p>\n<p><strong>Betreuung von Angeh\u00f6rigen<\/strong> (Trauer, Erkrankung etc.)<\/p>\n<p><strong>Entwicklungsgespr\u00e4che<\/strong><\/p>\n<p>Warum Ent-wicklung? Weil wir uns im Leben oft ver-wickelt haben.\u00a0 Wir streiten, f\u00fchlen uns nicht verstanden, sind verletzt oder m\u00fcssen mit einem Verlust umgehen.<\/p>\n<p>Darum stellt man sich die Frage:\u00a0 &#8222;Warum passiert gerade mir so etwas?&#8220; Hier biete ich Hilfe an. Wir werden beeinflu\u00dft durch die Art und Weise wie wir aufgewachsen sind. Durch dieses Erleben findet eine Pr\u00e4gung statt. Wir \u00fcbernehmen Muster und Verhaltensweisen, die uns in unserer eigenen Beziehungsf\u00e4higkeit einschr\u00e4nken, ohne dass uns dies bewusst wird.<\/p>\n<p>Mit meiner eigenen Erfahrung kann ich aufzeigen, dass es hier einen geschulten Aussenstehenden braucht, der einen Perspektivenwechsel erm\u00f6glicht, um diese Muster zu\u00a0 erkennen. Ver\u00e4nderung ist m\u00f6glich, hin zu einem\u00a0 entspannten, klareren und zufriedenem Leben.<\/p>\n<p><strong>K\u00f6rperwahrnehmungstraining nach TAE-BO f\u00fcr Gruppen<\/strong><\/p>\n<p>Erinnern Sie sich, wie Sie in den ersten Lebensjahren mit Ihrem K\u00f6rper die Welt erobert haben (Krabbeln, tasten etc.) Ist Ihnen bewu\u00dft, was dieser, Ihr K\u00f6rper in jedem Moment f\u00fcr Sie alles tut, damit Sie am Leben bleiben, ohne dass Sie dar\u00fcber nachdenken m\u00fcssen. Wie oft halten Sie inne und bedanken sich daf\u00fcr und lassen ein Gef\u00fchl der Wertsch\u00e4tzung f\u00fcr Ihren K\u00f6rper aufkommen?<\/p>\n<p>Hier setzt das von mir entwickelte, von jung und alt nachvollziehbare Training, das sich aus einfachen \u00dcbungen aus der Selbstverteidigung, Koordinations &#8211; und Gleichgewichts\u00fcbungen zusammensetzt und immer mit einer Meditation endet, an. Es ist ein Training in der Bewegung zur Musik. Ziel ist es, \u00fcber den achtsamen Umgang mit dem K\u00f6rper, begleitet durch entsprechende Hinweise, mehr Selbstbestimmtheit, eine verbesserte Wahrnehmung des eigenen K\u00f6rpers\u00a0 und so\u00a0 eine Verbesserung des Selbstwertgef\u00fchls zu erreichen.<\/p>\n<p>Erfahrungen aus 2 Jahren Anwendung im klinischen Bereich sprechen deutlich f\u00fcr die Wirksamkeit dieses Trainings.<\/p>\n<p>Kurspreise nach Absprache<\/p>\n<h1 class=\"western\"><strong>Abrechnung<\/strong><\/h1>\n<div>Privatversicherte \/ Selbstzahler<\/div>\n<div>Honorar: 50 Euro pro Behandlungsstunde a 50 Minuten<\/div>\n<div><\/div>\n<div>Die ersten 15 Minuten zur Erstellung der Anamnese sind kostenfrei.<\/div>\n","protected":false},"excerpt":{"rendered":"<p>Praxis Angebote Lebens- und Konfliktberatung Hilfen zur Lebensumstellung Intuitive Gespr\u00e4chstherapie Stell dir vor, jemand sitzt vor dir und kennt deinen Schmerz, ja, kann dir helfen ihn auszusprechen und dich auf deinem Weg aus dem Leiden begleiten. Meine Sensibilit\u00e4t ist mein wichtigstes Werkzeug, wenn ich einen Menschen begleiten darf. Wenn wir wissen was wir wollen und &hellip; <\/p>\n<p class=\"link-more\"><a href=\"https:\/\/heilpraxis-gehrlein.de\/\" class=\"more-link\"><span class=\"screen-reader-text\">\u201ePraxis\u201c <\/span>weiterlesen<\/a><\/p>\n","protected":false},"author":1,"featured_media":33,"parent":0,"menu_order":0,"comment_status":"closed","ping_status":"closed","template":"","meta":{"footnotes":""},"class_list":["post-22","page","type-page","status-publish","has-post-thumbnail","hentry"],"_links":{"self":[{"href":"https:\/\/heilpraxis-gehrlein.de\/index.php?rest_route=\/wp\/v2\/pages\/22","targetHints":{"allow":["GET"]}}],"collection":[{"href":"https:\/\/heilpraxis-gehrlein.de\/index.php?rest_route=\/wp\/v2\/pages"}],"about":[{"href":"https:\/\/heilpraxis-gehrlein.de\/index.php?rest_route=\/wp\/v2\/types\/page"}],"author":[{"embeddable":true,"href":"https:\/\/heilpraxis-gehrlein.de\/index.php?rest_route=\/wp\/v2\/users\/1"}],"replies":[{"embeddable":true,"href":"https:\/\/heilpraxis-gehrlein.de\/index.php?rest_route=%2Fwp%2Fv2%2Fcomments&post=22"}],"version-history":[{"count":15,"href":"https:\/\/heilpraxis-gehrlein.de\/index.php?rest_route=\/wp\/v2\/pages\/22\/revisions"}],"predecessor-version":[{"id":150,"href":"https:\/\/heilpraxis-gehrlein.de\/index.php?rest_route=\/wp\/v2\/pages\/22\/revisions\/150"}],"wp:featuredmedia":[{"embeddable":true,"href":"https:\/\/heilpraxis-gehrlein.de\/index.php?rest_route=\/wp\/v2\/media\/33"}],"wp:attachment":[{"href":"https:\/\/heilpraxis-gehrlein.de\/index.php?rest_route=%2Fwp%2Fv2%2Fmedia&parent=22"}],"curies":[{"name":"wp","href":"https:\/\/api.w.org\/{rel}","templated":true}]}}